{"id":17928,"date":"2025-09-11T18:12:53","date_gmt":"2025-09-11T16:12:53","guid":{"rendered":"https:\/\/www.forumscenari.it\/?page_id=17928\/"},"modified":"2025-09-11T18:12:53","modified_gmt":"2025-09-11T16:12:53","slug":"stefano-scalera","status":"publish","type":"page","link":"https:\/\/www.forumscenari.it\/en\/speakers\/stefano-scalera\/","title":{"rendered":"Stefano Scalera"},"content":{"rendered":"<p>[vc_row content_width=&#8221;grid&#8221; el_class=&#8221;dinero rigarelatori singolorelatore&#8221;][vc_column width=&#8221;1\/12&#8243;][\/vc_column][vc_column width=&#8221;10\/12&#8243;][vc_row_inner][vc_column_inner width=&#8221;3\/12&#8243;][vc_single_image image=&#8221;17374&#8243; img_size=&#8221;relrel&#8221; alignment=&#8221;center&#8221;][\/vc_column_inner][vc_column_inner width=&#8221;9\/12&#8243;][vc_column_text]<\/p>\n<h2>Stefano Scalera<\/h2>\n<p>[\/vc_column_text][vc_column_text]Amministratore Delegato INVIMIT SGR[\/vc_column_text][vc_single_image image=&#8221;11682&#8243; img_size=&#8221;medium&#8221; el_class=&#8221;logorel mamedium&#8221;][vc_column_text]Stefano Scalera (Roma, 1966), ha ricoperto nel corso della sua carriera vari incarichi in via XX Settembre presso il MEF e nei Cda di alcune societ\u00e0 controllate dallo Stato (TELT, FS, Consip, Invimit SGR, Difesa Servizi S.p.A.).<\/p>\n<p>Attualmente, \u00e8 Amministratore Delegato di Invimit SGR S.p.A., la societ\u00e0 del MEF che si occupa di valorizzazione del patrimonio immobiliare pubblico, dove \u00e8 stato nominato a fine luglio del 2024.<\/p>\n<p>In precedenza, ha ricoperto l\u2019incarico di Vice Capo di Gabinetto del Ministero dell\u2019Agricoltura, della Sovranit\u00e0 Alimentare e delle Foreste.<\/p>\n<p>Nel 2021 ha ricoperto il ruolo di responsabile degli Affari Esterni dell\u2019AS Roma S.p.A.<\/p>\n<p>Dal 2011 al 2014, \u00e8 stato Direttore dell\u2019Agenzia del Demanio.<\/p>\n<p>Dal 2017 al 2018, Presidente di Dea Capital Real Estate SGR S.p.A.<\/p>\n<p>Dal 2016, \u00e8 Adjunt Professor dell\u2019Universit\u00e0 Luiss Guido Carli LUISS.<\/p>\n<p>Autore di varie pubblicazioni in materia di mercati finanziari e Real estate, i suoi interessi di ricerca includono Debito pubblico, e-procurement e integrazione europea.[\/vc_column_text][\/vc_column_inner][\/vc_row_inner][\/vc_column][vc_column width=&#8221;1\/12&#8243;][\/vc_column][\/vc_row]<\/p>\n","protected":false},"excerpt":{"rendered":"<p>[vc_row content_width=&#8221;grid&#8221; el_class=&#8221;dinero rigarelatori singolorelatore&#8221;][vc_column width=&#8221;1\/12&#8243;][\/vc_column][vc_column width=&#8221;10\/12&#8243;][vc_row_inner][vc_column_inner width=&#8221;3\/12&#8243;][vc_single_image image=&#8221;17374&#8243; img_size=&#8221;relrel&#8221; alignment=&#8221;center&#8221;][\/vc_column_inner][vc_column_inner width=&#8221;9\/12&#8243;][vc_column_text] Stefano Scalera [\/vc_column_text][vc_column_text]Amministratore Delegato INVIMIT SGR[\/vc_column_text][vc_single_image image=&#8221;11682&#8243; img_size=&#8221;medium&#8221;&#8230;<\/p>\n","protected":false},"author":34,"featured_media":0,"parent":17095,"menu_order":0,"comment_status":"closed","ping_status":"closed","template":"","meta":[],"yoast_head":"<!-- This site is optimized with the Yoast SEO plugin v14.9 - https:\/\/yoast.com\/wordpress\/plugins\/seo\/ -->\n<title>Stefano Scalera - Forum Scenari Immobiliari<\/title>\n<meta name=\"robots\" content=\"index, follow, max-snippet:-1, max-image-preview:large, max-video-preview:-1\" \/>\n<link rel=\"canonical\" href=\"https:\/\/www.forumscenari.it\/en\/speakers\/stefano-scalera\/\" \/>\n<meta property=\"og:locale\" content=\"en_US\" \/>\n<meta property=\"og:type\" content=\"article\" \/>\n<meta property=\"og:title\" content=\"Stefano Scalera - Forum Scenari Immobiliari\" \/>\n<meta property=\"og:description\" content=\"[vc_row content_width=&#8221;grid&#8221; el_class=&#8221;dinero rigarelatori singolorelatore&#8221;][vc_column width=&#8221;1\/12&#8243;][\/vc_column][vc_column width=&#8221;10\/12&#8243;][vc_row_inner][vc_column_inner width=&#8221;3\/12&#8243;][vc_single_image image=&#8221;17374&#8243; img_size=&#8221;relrel&#8221; alignment=&#8221;center&#8221;][\/vc_column_inner][vc_column_inner width=&#8221;9\/12&#8243;][vc_column_text] Stefano Scalera [\/vc_column_text][vc_column_text]Amministratore Delegato INVIMIT SGR[\/vc_column_text][vc_single_image image=&#8221;11682&#8243; img_size=&#8221;medium&#8221;...\" \/>\n<meta property=\"og:url\" content=\"https:\/\/www.forumscenari.it\/en\/speakers\/stefano-scalera\/\" \/>\n<meta property=\"og:site_name\" content=\"Forum Scenari Immobiliari\" \/>\n<meta name=\"twitter:card\" content=\"summary_large_image\" \/>\n<script type=\"application\/ld+json\" class=\"yoast-schema-graph\">{\"@context\":\"https:\/\/schema.org\",\"@graph\":[{\"@type\":\"Organization\",\"@id\":\"https:\/\/www.forumscenari.it\/en\/#organization\",\"name\":\"Forum Scenari Immobiliari\",\"url\":\"https:\/\/www.forumscenari.it\/en\/\",\"sameAs\":[],\"logo\":{\"@type\":\"ImageObject\",\"@id\":\"https:\/\/www.forumscenari.it\/en\/#logo\",\"inLanguage\":\"en-US\",\"url\":\"https:\/\/www.forumscenari.it\/wp-content\/uploads\/2020\/05\/logo-forum-scenari-1.png\",\"width\":320,\"height\":51,\"caption\":\"Forum Scenari Immobiliari\"},\"image\":{\"@id\":\"https:\/\/www.forumscenari.it\/en\/#logo\"}},{\"@type\":\"WebSite\",\"@id\":\"https:\/\/www.forumscenari.it\/en\/#website\",\"url\":\"https:\/\/www.forumscenari.it\/en\/\",\"name\":\"Forum Scenari Immobiliari\",\"description\":\"\",\"publisher\":{\"@id\":\"https:\/\/www.forumscenari.it\/en\/#organization\"},\"potentialAction\":[{\"@type\":\"SearchAction\",\"target\":\"https:\/\/www.forumscenari.it\/en\/?s={search_term_string}\",\"query-input\":\"required name=search_term_string\"}],\"inLanguage\":\"en-US\"},{\"@type\":\"WebPage\",\"@id\":\"https:\/\/www.forumscenari.it\/en\/speakers\/stefano-scalera\/#webpage\",\"url\":\"https:\/\/www.forumscenari.it\/en\/speakers\/stefano-scalera\/\",\"name\":\"Stefano Scalera - Forum Scenari Immobiliari\",\"isPartOf\":{\"@id\":\"https:\/\/www.forumscenari.it\/en\/#website\"},\"datePublished\":\"2025-09-11T16:12:53+00:00\",\"dateModified\":\"2025-09-11T16:12:53+00:00\",\"inLanguage\":\"en-US\",\"potentialAction\":[{\"@type\":\"ReadAction\",\"target\":[\"https:\/\/www.forumscenari.it\/en\/speakers\/stefano-scalera\/\"]}]}]}<\/script>\n<!-- \/ Yoast SEO plugin. -->","_links":{"self":[{"href":"https:\/\/www.forumscenari.it\/en\/wp-json\/wp\/v2\/pages\/17928"}],"collection":[{"href":"https:\/\/www.forumscenari.it\/en\/wp-json\/wp\/v2\/pages"}],"about":[{"href":"https:\/\/www.forumscenari.it\/en\/wp-json\/wp\/v2\/types\/page"}],"author":[{"embeddable":true,"href":"https:\/\/www.forumscenari.it\/en\/wp-json\/wp\/v2\/users\/34"}],"replies":[{"embeddable":true,"href":"https:\/\/www.forumscenari.it\/en\/wp-json\/wp\/v2\/comments?post=17928"}],"version-history":[{"count":1,"href":"https:\/\/www.forumscenari.it\/en\/wp-json\/wp\/v2\/pages\/17928\/revisions"}],"predecessor-version":[{"id":17934,"href":"https:\/\/www.forumscenari.it\/en\/wp-json\/wp\/v2\/pages\/17928\/revisions\/17934"}],"up":[{"embeddable":true,"href":"https:\/\/www.forumscenari.it\/en\/wp-json\/wp\/v2\/pages\/17095"}],"wp:attachment":[{"href":"https:\/\/www.forumscenari.it\/en\/wp-json\/wp\/v2\/media?parent=17928"}],"curies":[{"name":"wp","href":"https:\/\/api.w.org\/{rel}","templated":true}]}}