{"id":17591,"date":"2025-07-17T12:54:42","date_gmt":"2025-07-17T10:54:42","guid":{"rendered":"https:\/\/www.forumscenari.it\/?page_id=17591\/"},"modified":"2025-07-17T13:17:32","modified_gmt":"2025-07-17T11:17:32","slug":"luca-andreoli","status":"publish","type":"page","link":"https:\/\/www.forumscenari.it\/en\/speakers\/luca-andreoli\/","title":{"rendered":"Luca Andreoli"},"content":{"rendered":"<p>[vc_row content_width=&#8221;grid&#8221; el_class=&#8221;dinero rigarelatori singolorelatore&#8221;][vc_column width=&#8221;1\/12&#8243;][\/vc_column][vc_column width=&#8221;10\/12&#8243;][vc_row_inner][vc_column_inner width=&#8221;3\/12&#8243;][vc_single_image image=&#8221;17587&#8243; img_size=&#8221;relrel&#8221; alignment=&#8221;center&#8221;][\/vc_column_inner][vc_column_inner width=&#8221;9\/12&#8243;][vc_column_text]<\/p>\n<h2>Luca Andreoli<\/h2>\n<p>[\/vc_column_text][vc_column_text]Amministratore Delegato e Direttore Generale DIFESA SERVIZI S.p.A.[\/vc_column_text][vc_empty_space height=&#8221;64px&#8221;][vc_column_text]Si \u00e8 laureato a \u201cLa Sapienza\u201d in Economia e Commercio e ha conseguito diversi Master e specializzazioni in finanza e logistica.<\/p>\n<p>Dopo aver maturato un\u2019importante esperienza nell\u2019Arma nel settore degli appalti, ha rivestito l\u2019incarico di Consigliere per gli affari giuridici e gli affari delegati per diversi Sottosegretari di Stato alla Difesa in diversi Governi.<\/p>\n<p>Gi\u00e0 Consigliere del Ministro della Difesa per le politiche di valorizzazione del patrimonio immobiliare del Dicastero \u00e8 stato promotore e curatore della costituzione della societ\u00e0 Difesa Servizi S.p.A..<\/p>\n<p>Co-fondatore con Agenzia del Demanio, Enit e Mibac del progetto \u201cValore Paese Italia\u201d, ha rivestito l\u2019incarico di Consigliere di amministrazione di INVIMIT GSR S.p.A..<\/p>\n<p>Oggi \u00e8 Amministratore Delegato e Direttore Generale di Difesa Servizi S.p.A. e Vicepresidente della Fondazione del Polo Nazionale della Subacquea.<\/p>\n<p>\u00c8 Ufficiale Superiore dell\u2019Arma dei Carabinieri in aspettativa.[\/vc_column_text][\/vc_column_inner][\/vc_row_inner][\/vc_column][vc_column width=&#8221;1\/12&#8243;][\/vc_column][\/vc_row]<\/p>\n","protected":false},"excerpt":{"rendered":"<p>[vc_row content_width=&#8221;grid&#8221; el_class=&#8221;dinero rigarelatori singolorelatore&#8221;][vc_column width=&#8221;1\/12&#8243;][\/vc_column][vc_column width=&#8221;10\/12&#8243;][vc_row_inner][vc_column_inner width=&#8221;3\/12&#8243;][vc_single_image image=&#8221;17587&#8243; img_size=&#8221;relrel&#8221; alignment=&#8221;center&#8221;][\/vc_column_inner][vc_column_inner width=&#8221;9\/12&#8243;][vc_column_text] Luca Andreoli [\/vc_column_text][vc_column_text]Amministratore Delegato e Direttore Generale DIFESA&#8230;<\/p>\n","protected":false},"author":34,"featured_media":0,"parent":17095,"menu_order":0,"comment_status":"closed","ping_status":"closed","template":"","meta":[],"yoast_head":"<!-- This site is optimized with the Yoast SEO plugin v14.9 - https:\/\/yoast.com\/wordpress\/plugins\/seo\/ -->\n<title>Luca Andreoli - Forum Scenari Immobiliari<\/title>\n<meta name=\"robots\" content=\"index, follow, max-snippet:-1, max-image-preview:large, max-video-preview:-1\" \/>\n<link rel=\"canonical\" href=\"https:\/\/www.forumscenari.it\/en\/speakers\/luca-andreoli\/\" \/>\n<meta property=\"og:locale\" content=\"en_US\" \/>\n<meta property=\"og:type\" content=\"article\" \/>\n<meta property=\"og:title\" content=\"Luca Andreoli - Forum Scenari Immobiliari\" \/>\n<meta property=\"og:description\" content=\"[vc_row content_width=&#8221;grid&#8221; el_class=&#8221;dinero rigarelatori singolorelatore&#8221;][vc_column width=&#8221;1\/12&#8243;][\/vc_column][vc_column width=&#8221;10\/12&#8243;][vc_row_inner][vc_column_inner width=&#8221;3\/12&#8243;][vc_single_image image=&#8221;17587&#8243; img_size=&#8221;relrel&#8221; alignment=&#8221;center&#8221;][\/vc_column_inner][vc_column_inner width=&#8221;9\/12&#8243;][vc_column_text] Luca Andreoli [\/vc_column_text][vc_column_text]Amministratore Delegato e Direttore Generale DIFESA...\" \/>\n<meta property=\"og:url\" content=\"https:\/\/www.forumscenari.it\/en\/speakers\/luca-andreoli\/\" \/>\n<meta property=\"og:site_name\" content=\"Forum Scenari Immobiliari\" \/>\n<meta property=\"article:modified_time\" content=\"2025-07-17T11:17:32+00:00\" \/>\n<meta name=\"twitter:card\" content=\"summary_large_image\" \/>\n<script type=\"application\/ld+json\" class=\"yoast-schema-graph\">{\"@context\":\"https:\/\/schema.org\",\"@graph\":[{\"@type\":\"Organization\",\"@id\":\"https:\/\/www.forumscenari.it\/en\/#organization\",\"name\":\"Forum Scenari Immobiliari\",\"url\":\"https:\/\/www.forumscenari.it\/en\/\",\"sameAs\":[],\"logo\":{\"@type\":\"ImageObject\",\"@id\":\"https:\/\/www.forumscenari.it\/en\/#logo\",\"inLanguage\":\"en-US\",\"url\":\"https:\/\/www.forumscenari.it\/wp-content\/uploads\/2020\/05\/logo-forum-scenari-1.png\",\"width\":320,\"height\":51,\"caption\":\"Forum Scenari Immobiliari\"},\"image\":{\"@id\":\"https:\/\/www.forumscenari.it\/en\/#logo\"}},{\"@type\":\"WebSite\",\"@id\":\"https:\/\/www.forumscenari.it\/en\/#website\",\"url\":\"https:\/\/www.forumscenari.it\/en\/\",\"name\":\"Forum Scenari Immobiliari\",\"description\":\"\",\"publisher\":{\"@id\":\"https:\/\/www.forumscenari.it\/en\/#organization\"},\"potentialAction\":[{\"@type\":\"SearchAction\",\"target\":\"https:\/\/www.forumscenari.it\/en\/?s={search_term_string}\",\"query-input\":\"required name=search_term_string\"}],\"inLanguage\":\"en-US\"},{\"@type\":\"WebPage\",\"@id\":\"https:\/\/www.forumscenari.it\/en\/speakers\/luca-andreoli\/#webpage\",\"url\":\"https:\/\/www.forumscenari.it\/en\/speakers\/luca-andreoli\/\",\"name\":\"Luca Andreoli - Forum Scenari Immobiliari\",\"isPartOf\":{\"@id\":\"https:\/\/www.forumscenari.it\/en\/#website\"},\"datePublished\":\"2025-07-17T10:54:42+00:00\",\"dateModified\":\"2025-07-17T11:17:32+00:00\",\"inLanguage\":\"en-US\",\"potentialAction\":[{\"@type\":\"ReadAction\",\"target\":[\"https:\/\/www.forumscenari.it\/en\/speakers\/luca-andreoli\/\"]}]}]}<\/script>\n<!-- \/ Yoast SEO plugin. -->","_links":{"self":[{"href":"https:\/\/www.forumscenari.it\/en\/wp-json\/wp\/v2\/pages\/17591"}],"collection":[{"href":"https:\/\/www.forumscenari.it\/en\/wp-json\/wp\/v2\/pages"}],"about":[{"href":"https:\/\/www.forumscenari.it\/en\/wp-json\/wp\/v2\/types\/page"}],"author":[{"embeddable":true,"href":"https:\/\/www.forumscenari.it\/en\/wp-json\/wp\/v2\/users\/34"}],"replies":[{"embeddable":true,"href":"https:\/\/www.forumscenari.it\/en\/wp-json\/wp\/v2\/comments?post=17591"}],"version-history":[{"count":2,"href":"https:\/\/www.forumscenari.it\/en\/wp-json\/wp\/v2\/pages\/17591\/revisions"}],"predecessor-version":[{"id":17598,"href":"https:\/\/www.forumscenari.it\/en\/wp-json\/wp\/v2\/pages\/17591\/revisions\/17598"}],"up":[{"embeddable":true,"href":"https:\/\/www.forumscenari.it\/en\/wp-json\/wp\/v2\/pages\/17095"}],"wp:attachment":[{"href":"https:\/\/www.forumscenari.it\/en\/wp-json\/wp\/v2\/media?parent=17591"}],"curies":[{"name":"wp","href":"https:\/\/api.w.org\/{rel}","templated":true}]}}