{"id":16148,"date":"2024-07-30T17:04:26","date_gmt":"2024-07-30T15:04:26","guid":{"rendered":"https:\/\/www.forumscenari.it\/?page_id=16148\/"},"modified":"2024-07-30T17:04:26","modified_gmt":"2024-07-30T15:04:26","slug":"laura-lieto","status":"publish","type":"page","link":"https:\/\/www.forumscenari.it\/en\/speakers-2021\/laura-lieto\/","title":{"rendered":"Laura Lieto"},"content":{"rendered":"<p>[vc_row content_width=&#8221;grid&#8221; el_class=&#8221;dinero rigarelatori singolorelatore&#8221;][vc_column width=&#8221;1\/12&#8243;][\/vc_column][vc_column width=&#8221;10\/12&#8243;][vc_row_inner][vc_column_inner width=&#8221;3\/12&#8243;][vc_single_image image=&#8221;16149&#8243; img_size=&#8221;relrel&#8221; alignment=&#8221;center&#8221;][\/vc_column_inner][vc_column_inner width=&#8221;9\/12&#8243;][vc_column_text]<\/p>\n<h2>Laura Lieto<\/h2>\n<p>[\/vc_column_text][vc_column_text]Vicesindaco, Assessore all&#8217;Urbanistica COMUNE DI NAPOLI[\/vc_column_text][vc_empty_space height=&#8221;46px&#8221;][vc_column_text]Laura Lieto (1966) \u00e8 professore ordinario di Urbanistica presso il Dipartimento di Architettura dell\u2019Universit\u00e0 di Napoli Federico II.<br \/>\n\u00c8 stata visiting professor alla Columbia University di New York e alla Copenhagen University.<br \/>\n\u00c8 membro di AESOP (Association of European Planning Schools), ACSP (Association of Collegiate Schools of Planning), AAG (American Association of Geographers) e SIU (Societ\u00e0 Italiana degli Urbanisti).<br \/>\nFa parte del Collegio dei Docenti del Dottorato di Ricerca in Architettura dell\u2019Universit\u00e0 Federico II.<br \/>\n\u00c8 delegata del Rettore della Federico II per l\u2019internazionalizzazione.<br \/>\n\u00c8 Direttore della rivista di classe A CRIOS (Critica degli Ordinamenti Spaziali), ed \u00e8 peer-reviewer per le principali riviste internazionali di planning.<\/p>\n<p>Laura \u00e8 una studiosa di pianificazione e un\u2019etnografa urbana. Si occupa di citt\u00e0 informale, processi di urbanizzazione transnazionali e di regolazione. Ha condotto ricerche empiriche sulle pratiche di innovazione sociale in quartieri vulnerabili a Napoli e New York City. Ha lavorato sui processi trans-nazionali di urbanizzazione e sul ruolo critico dell\u2019architettura nella formazione delle citt\u00e0 globali, in particolare nelle citt\u00e0 del Medioriente.<br \/>\n\u00c8 Principal Investigator nel programma europeo HERA JRP \u2013 Public Space in European Social Housing (PUSH Project, in partnership con Copenhagen University, University of Oslo e ETH Zurich). \u00c8 coordinatore per Federico II del progetto di interesse nazionale Short Term City sull\u2019impatto del turismo da piattaforme sulle citt\u00e0 italiane, in partnership con Universit\u00e0 La Sapienza di Roma (coord. nazionale), Universit\u00e0 di Torino e Universit\u00e0 di Siena.<br \/>\n\u00c8 autrice di libri con editori internazionali e di articoli in riviste internazionali peer-review.[\/vc_column_text][\/vc_column_inner][\/vc_row_inner][\/vc_column][vc_column width=&#8221;1\/12&#8243;][\/vc_column][\/vc_row]<\/p>\n","protected":false},"excerpt":{"rendered":"<p>[vc_row content_width=&#8221;grid&#8221; el_class=&#8221;dinero rigarelatori singolorelatore&#8221;][vc_column width=&#8221;1\/12&#8243;][\/vc_column][vc_column width=&#8221;10\/12&#8243;][vc_row_inner][vc_column_inner width=&#8221;3\/12&#8243;][vc_single_image image=&#8221;16149&#8243; img_size=&#8221;relrel&#8221; alignment=&#8221;center&#8221;][\/vc_column_inner][vc_column_inner width=&#8221;9\/12&#8243;][vc_column_text] Laura Lieto [\/vc_column_text][vc_column_text]Vicesindaco, Assessore all&#8217;Urbanistica COMUNE DI NAPOLI[\/vc_column_text][vc_empty_space&#8230;<\/p>\n","protected":false},"author":34,"featured_media":0,"parent":9694,"menu_order":0,"comment_status":"closed","ping_status":"closed","template":"","meta":[],"yoast_head":"<!-- This site is optimized with the Yoast SEO plugin v14.9 - https:\/\/yoast.com\/wordpress\/plugins\/seo\/ -->\n<title>Laura Lieto - Forum Scenari Immobiliari<\/title>\n<meta name=\"robots\" content=\"index, follow, max-snippet:-1, max-image-preview:large, max-video-preview:-1\" \/>\n<link rel=\"canonical\" href=\"https:\/\/www.forumscenari.it\/en\/speakers-2021\/laura-lieto\/\" \/>\n<meta property=\"og:locale\" content=\"en_US\" \/>\n<meta property=\"og:type\" content=\"article\" \/>\n<meta property=\"og:title\" content=\"Laura Lieto - Forum Scenari Immobiliari\" \/>\n<meta property=\"og:description\" content=\"[vc_row content_width=&#8221;grid&#8221; el_class=&#8221;dinero rigarelatori singolorelatore&#8221;][vc_column width=&#8221;1\/12&#8243;][\/vc_column][vc_column width=&#8221;10\/12&#8243;][vc_row_inner][vc_column_inner width=&#8221;3\/12&#8243;][vc_single_image image=&#8221;16149&#8243; img_size=&#8221;relrel&#8221; alignment=&#8221;center&#8221;][\/vc_column_inner][vc_column_inner width=&#8221;9\/12&#8243;][vc_column_text] Laura Lieto [\/vc_column_text][vc_column_text]Vicesindaco, Assessore all&#8217;Urbanistica COMUNE DI NAPOLI[\/vc_column_text][vc_empty_space...\" \/>\n<meta property=\"og:url\" content=\"https:\/\/www.forumscenari.it\/en\/speakers-2021\/laura-lieto\/\" \/>\n<meta property=\"og:site_name\" content=\"Forum Scenari Immobiliari\" \/>\n<meta name=\"twitter:card\" content=\"summary_large_image\" \/>\n<script type=\"application\/ld+json\" class=\"yoast-schema-graph\">{\"@context\":\"https:\/\/schema.org\",\"@graph\":[{\"@type\":\"Organization\",\"@id\":\"https:\/\/www.forumscenari.it\/en\/#organization\",\"name\":\"Forum Scenari Immobiliari\",\"url\":\"https:\/\/www.forumscenari.it\/en\/\",\"sameAs\":[],\"logo\":{\"@type\":\"ImageObject\",\"@id\":\"https:\/\/www.forumscenari.it\/en\/#logo\",\"inLanguage\":\"en-US\",\"url\":\"https:\/\/www.forumscenari.it\/wp-content\/uploads\/2020\/05\/logo-forum-scenari-1.png\",\"width\":320,\"height\":51,\"caption\":\"Forum Scenari Immobiliari\"},\"image\":{\"@id\":\"https:\/\/www.forumscenari.it\/en\/#logo\"}},{\"@type\":\"WebSite\",\"@id\":\"https:\/\/www.forumscenari.it\/en\/#website\",\"url\":\"https:\/\/www.forumscenari.it\/en\/\",\"name\":\"Forum Scenari Immobiliari\",\"description\":\"\",\"publisher\":{\"@id\":\"https:\/\/www.forumscenari.it\/en\/#organization\"},\"potentialAction\":[{\"@type\":\"SearchAction\",\"target\":\"https:\/\/www.forumscenari.it\/en\/?s={search_term_string}\",\"query-input\":\"required name=search_term_string\"}],\"inLanguage\":\"en-US\"},{\"@type\":\"WebPage\",\"@id\":\"https:\/\/www.forumscenari.it\/en\/speakers-2021\/laura-lieto\/#webpage\",\"url\":\"https:\/\/www.forumscenari.it\/en\/speakers-2021\/laura-lieto\/\",\"name\":\"Laura Lieto - Forum Scenari Immobiliari\",\"isPartOf\":{\"@id\":\"https:\/\/www.forumscenari.it\/en\/#website\"},\"datePublished\":\"2024-07-30T15:04:26+00:00\",\"dateModified\":\"2024-07-30T15:04:26+00:00\",\"inLanguage\":\"en-US\",\"potentialAction\":[{\"@type\":\"ReadAction\",\"target\":[\"https:\/\/www.forumscenari.it\/en\/speakers-2021\/laura-lieto\/\"]}]}]}<\/script>\n<!-- \/ Yoast SEO plugin. -->","_links":{"self":[{"href":"https:\/\/www.forumscenari.it\/en\/wp-json\/wp\/v2\/pages\/16148"}],"collection":[{"href":"https:\/\/www.forumscenari.it\/en\/wp-json\/wp\/v2\/pages"}],"about":[{"href":"https:\/\/www.forumscenari.it\/en\/wp-json\/wp\/v2\/types\/page"}],"author":[{"embeddable":true,"href":"https:\/\/www.forumscenari.it\/en\/wp-json\/wp\/v2\/users\/34"}],"replies":[{"embeddable":true,"href":"https:\/\/www.forumscenari.it\/en\/wp-json\/wp\/v2\/comments?post=16148"}],"version-history":[{"count":1,"href":"https:\/\/www.forumscenari.it\/en\/wp-json\/wp\/v2\/pages\/16148\/revisions"}],"predecessor-version":[{"id":16151,"href":"https:\/\/www.forumscenari.it\/en\/wp-json\/wp\/v2\/pages\/16148\/revisions\/16151"}],"up":[{"embeddable":true,"href":"https:\/\/www.forumscenari.it\/en\/wp-json\/wp\/v2\/pages\/9694"}],"wp:attachment":[{"href":"https:\/\/www.forumscenari.it\/en\/wp-json\/wp\/v2\/media?parent=16148"}],"curies":[{"name":"wp","href":"https:\/\/api.w.org\/{rel}","templated":true}]}}