{"id":11653,"date":"2022-05-06T14:54:53","date_gmt":"2022-05-06T12:54:53","guid":{"rendered":"https:\/\/www.forumscenari.it\/?page_id=11653\/"},"modified":"2025-07-29T15:36:51","modified_gmt":"2025-07-29T13:36:51","slug":"stefano-cervone","status":"publish","type":"page","link":"https:\/\/www.forumscenari.it\/en\/speakers\/stefano-cervone\/","title":{"rendered":"Stefano Cervone"},"content":{"rendered":"<p>[vc_row content_width=&#8221;grid&#8221; el_class=&#8221;dinero rigarelatori singolorelatore&#8221;][vc_column width=&#8221;1\/12&#8243;][\/vc_column][vc_column width=&#8221;10\/12&#8243;][vc_row_inner][vc_column_inner width=&#8221;3\/12&#8243;][vc_single_image image=&#8221;11656&#8243; img_size=&#8221;relrel&#8221; alignment=&#8221;center&#8221;][\/vc_column_inner][vc_column_inner width=&#8221;9\/12&#8243;][vc_column_text]<\/p>\n<h2>Stefano Cervone<\/h2>\n<p>[\/vc_column_text][vc_column_text]Amministratore Delegato e Direttore Generale FERSERVIZI[\/vc_column_text][vc_single_image image=&#8221;17692&#8243; img_size=&#8221;medium&#8221; el_class=&#8221;logorel mamedium&#8221;][vc_column_text]Amministratore Delegato e Direttore Generale di Ferservizi SpA (Roma), societ\u00e0 del gruppo Ferrovie dello Stato Italiane, che assolve all\u2019interno del gruppo Ferrovie la funzione di provvedere tutti i servizi non afferenti all\u2019esercizio dell\u2019infrastruttura e del traffico ferroviario e stradale. Ferservizi ha un organico di oltre 1500 dipendenti, con sedi operative diffuse sul territorio nazionale.<\/p>\n<p>Dottore commercialista e revisore contabile, esperto in materia di governance, finanza e investimenti, ha sviluppato la propria carriera professionale, di oltre 30 anni, prevalentemente in posizioni apicali (amministratore delegato e direttore generale) di societ\u00e0 regolamentate e vigilate, mantenendo sistematiche relazioni istituzionali con Authorities domestiche ed estere (Banca d\u2019Italia, Consob, Borsa, IVASS, CSSF, FCA). In tali ruoli, ha seguito soprattutto l\u2019avvio e lo sviluppo di societ\u00e0 di gestione del risparmio e societ\u00e0 quotate nel settore del real estate, con attivit\u00e0 sia in Italia sia all\u2019estero (USA, UK, Francia, Svizzera, Lussemburgo), operando sull\u2019intera gamma delle asset class e sui diversi profili di rischio-rendimento.<\/p>\n<p>\u00c8 stato ed \u00e8 componente di organi direttivi e consultivi nelle principali associazioni di categoria domestiche ed europee. Ha ricoperto, fra l\u2019altro, ruoli di consigliere di amministrazione e sindaco in intermediari finanziari, imprese di assicurazione, societ\u00e0 immobiliari e di servizi e fondazioni (si allega visura camerale storica che attesta gli incarichi di amministrazione e controllo ricoperti in societ\u00e0 di capitali italiane).<\/p>\n<p>Coniuga da sempre l\u2019impegno professionale e manageriale con l\u2019interesse per gli sviluppi scientifici e accademici afferenti al business.[\/vc_column_text][\/vc_column_inner][\/vc_row_inner][\/vc_column][vc_column width=&#8221;1\/12&#8243;][\/vc_column][\/vc_row]<\/p>\n","protected":false},"excerpt":{"rendered":"<p>[vc_row content_width=&#8221;grid&#8221; el_class=&#8221;dinero rigarelatori singolorelatore&#8221;][vc_column width=&#8221;1\/12&#8243;][\/vc_column][vc_column width=&#8221;10\/12&#8243;][vc_row_inner][vc_column_inner width=&#8221;3\/12&#8243;][vc_single_image image=&#8221;11656&#8243; img_size=&#8221;relrel&#8221; alignment=&#8221;center&#8221;][\/vc_column_inner][vc_column_inner width=&#8221;9\/12&#8243;][vc_column_text] Stefano Cervone [\/vc_column_text][vc_column_text]Amministratore Delegato e Direttore Generale FERSERVIZI[\/vc_column_text][vc_single_image&#8230;<\/p>\n","protected":false},"author":34,"featured_media":0,"parent":17095,"menu_order":0,"comment_status":"closed","ping_status":"closed","template":"","meta":[],"yoast_head":"<!-- This site is optimized with the Yoast SEO plugin v14.9 - https:\/\/yoast.com\/wordpress\/plugins\/seo\/ -->\n<title>Stefano Cervone - Forum Scenari Immobiliari<\/title>\n<meta name=\"robots\" content=\"index, follow, max-snippet:-1, max-image-preview:large, max-video-preview:-1\" \/>\n<link rel=\"canonical\" href=\"https:\/\/www.forumscenari.it\/en\/speakers\/stefano-cervone\/\" \/>\n<meta property=\"og:locale\" content=\"en_US\" \/>\n<meta property=\"og:type\" content=\"article\" \/>\n<meta property=\"og:title\" content=\"Stefano Cervone - Forum Scenari Immobiliari\" \/>\n<meta property=\"og:description\" content=\"[vc_row content_width=&#8221;grid&#8221; el_class=&#8221;dinero rigarelatori singolorelatore&#8221;][vc_column width=&#8221;1\/12&#8243;][\/vc_column][vc_column width=&#8221;10\/12&#8243;][vc_row_inner][vc_column_inner width=&#8221;3\/12&#8243;][vc_single_image image=&#8221;11656&#8243; img_size=&#8221;relrel&#8221; alignment=&#8221;center&#8221;][\/vc_column_inner][vc_column_inner width=&#8221;9\/12&#8243;][vc_column_text] Stefano Cervone [\/vc_column_text][vc_column_text]Amministratore Delegato e Direttore Generale FERSERVIZI[\/vc_column_text][vc_single_image...\" \/>\n<meta property=\"og:url\" content=\"https:\/\/www.forumscenari.it\/en\/speakers\/stefano-cervone\/\" \/>\n<meta property=\"og:site_name\" content=\"Forum Scenari Immobiliari\" \/>\n<meta property=\"article:modified_time\" content=\"2025-07-29T13:36:51+00:00\" \/>\n<meta name=\"twitter:card\" content=\"summary_large_image\" \/>\n<script type=\"application\/ld+json\" class=\"yoast-schema-graph\">{\"@context\":\"https:\/\/schema.org\",\"@graph\":[{\"@type\":\"Organization\",\"@id\":\"https:\/\/www.forumscenari.it\/en\/#organization\",\"name\":\"Forum Scenari Immobiliari\",\"url\":\"https:\/\/www.forumscenari.it\/en\/\",\"sameAs\":[],\"logo\":{\"@type\":\"ImageObject\",\"@id\":\"https:\/\/www.forumscenari.it\/en\/#logo\",\"inLanguage\":\"en-US\",\"url\":\"https:\/\/www.forumscenari.it\/wp-content\/uploads\/2020\/05\/logo-forum-scenari-1.png\",\"width\":320,\"height\":51,\"caption\":\"Forum Scenari Immobiliari\"},\"image\":{\"@id\":\"https:\/\/www.forumscenari.it\/en\/#logo\"}},{\"@type\":\"WebSite\",\"@id\":\"https:\/\/www.forumscenari.it\/en\/#website\",\"url\":\"https:\/\/www.forumscenari.it\/en\/\",\"name\":\"Forum Scenari Immobiliari\",\"description\":\"\",\"publisher\":{\"@id\":\"https:\/\/www.forumscenari.it\/en\/#organization\"},\"potentialAction\":[{\"@type\":\"SearchAction\",\"target\":\"https:\/\/www.forumscenari.it\/en\/?s={search_term_string}\",\"query-input\":\"required name=search_term_string\"}],\"inLanguage\":\"en-US\"},{\"@type\":\"WebPage\",\"@id\":\"https:\/\/www.forumscenari.it\/en\/speakers\/stefano-cervone\/#webpage\",\"url\":\"https:\/\/www.forumscenari.it\/en\/speakers\/stefano-cervone\/\",\"name\":\"Stefano Cervone - Forum Scenari Immobiliari\",\"isPartOf\":{\"@id\":\"https:\/\/www.forumscenari.it\/en\/#website\"},\"datePublished\":\"2022-05-06T12:54:53+00:00\",\"dateModified\":\"2025-07-29T13:36:51+00:00\",\"inLanguage\":\"en-US\",\"potentialAction\":[{\"@type\":\"ReadAction\",\"target\":[\"https:\/\/www.forumscenari.it\/en\/speakers\/stefano-cervone\/\"]}]}]}<\/script>\n<!-- \/ Yoast SEO plugin. -->","_links":{"self":[{"href":"https:\/\/www.forumscenari.it\/en\/wp-json\/wp\/v2\/pages\/11653"}],"collection":[{"href":"https:\/\/www.forumscenari.it\/en\/wp-json\/wp\/v2\/pages"}],"about":[{"href":"https:\/\/www.forumscenari.it\/en\/wp-json\/wp\/v2\/types\/page"}],"author":[{"embeddable":true,"href":"https:\/\/www.forumscenari.it\/en\/wp-json\/wp\/v2\/users\/34"}],"replies":[{"embeddable":true,"href":"https:\/\/www.forumscenari.it\/en\/wp-json\/wp\/v2\/comments?post=11653"}],"version-history":[{"count":3,"href":"https:\/\/www.forumscenari.it\/en\/wp-json\/wp\/v2\/pages\/11653\/revisions"}],"predecessor-version":[{"id":17703,"href":"https:\/\/www.forumscenari.it\/en\/wp-json\/wp\/v2\/pages\/11653\/revisions\/17703"}],"up":[{"embeddable":true,"href":"https:\/\/www.forumscenari.it\/en\/wp-json\/wp\/v2\/pages\/17095"}],"wp:attachment":[{"href":"https:\/\/www.forumscenari.it\/en\/wp-json\/wp\/v2\/media?parent=11653"}],"curies":[{"name":"wp","href":"https:\/\/api.w.org\/{rel}","templated":true}]}}